{"id":4545,"date":"2026-04-22T07:23:12","date_gmt":"2026-04-22T07:23:12","guid":{"rendered":"https:\/\/playcap.com\/?page_id=4545"},"modified":"2026-04-27T12:39:01","modified_gmt":"2026-04-27T10:39:01","slug":"datenschutz","status":"publish","type":"page","link":"https:\/\/playcap.com\/en\/datenschutz\/","title":{"rendered":"Datenschutz"},"content":{"rendered":"<style>.kb-row-layout-id4545_cf6258-1c > .kt-row-column-wrap{align-content:start;}:where(.kb-row-layout-id4545_cf6258-1c > .kt-row-column-wrap) > .wp-block-kadence-column{justify-content:start;}.kb-row-layout-id4545_cf6258-1c > .kt-row-column-wrap{column-gap:var(--global-kb-gap-md, 2rem);row-gap:var(--global-kb-gap-md, 2rem);max-width:var( --global-content-width, 1290px );padding-left:var(--global-content-edge-padding);padding-right:var(--global-content-edge-padding);padding-top:var(--global-kb-spacing-xxl, 5rem);padding-bottom:var(--global-kb-spacing-3xl, 6.5rem);grid-template-columns:minmax(0, 1fr);}.kb-row-layout-id4545_cf6258-1c{background-color:#fdfcfb;}.kb-row-layout-id4545_cf6258-1c > .kt-row-layout-overlay{opacity:0.06;mix-blend-mode:luminosity;}@media all and (max-width: 1024px){.kb-row-layout-id4545_cf6258-1c > .kt-row-column-wrap{grid-template-columns:minmax(0, 1fr);}}@media all and (max-width: 767px){.kb-row-layout-id4545_cf6258-1c > .kt-row-column-wrap{padding-top:var(--global-kb-spacing-xl, 4rem);padding-bottom:var(--global-kb-spacing-xl, 4rem);grid-template-columns:minmax(0, 1fr);}.kb-row-layout-wrap.wp-block-kadence-rowlayout.kb-row-layout-id4545_cf6258-1c{background-image:url('https:\/\/playcap.com\/wp-content\/uploads\/2024\/08\/home-banner-abstract.png');background-size:50% auto;background-position:0% 0%;background-attachment:scroll;background-repeat:no-repeat;}.kb-row-layout-id4545_cf6258-1c > .kt-row-layout-overlay{opacity:1;background-image:url('https:\/\/playcap.com\/wp-content\/uploads\/2024\/08\/post-sec-shape.png');background-size:30% auto;background-position:100% 0%;background-attachment:scroll;background-repeat:no-repeat;}}<\/style><div class=\"kb-row-layout-wrap kb-row-layout-id4545_cf6258-1c alignnone kt-row-has-bg wp-block-kadence-rowlayout\"><div class=\"kt-row-layout-overlay kt-row-overlay-normal\"><\/div><div class=\"kt-row-column-wrap kt-has-1-columns kt-row-layout-equal kt-tab-layout-inherit kt-mobile-layout-row kt-row-valign-top kb-theme-content-width\">\n<style>.kadence-column4545_bdaf2e-6a > .kt-inside-inner-col,.kadence-column4545_bdaf2e-6a > .kt-inside-inner-col:before{border-top-left-radius:0px;border-top-right-radius:0px;border-bottom-right-radius:0px;border-bottom-left-radius:0px;}.kadence-column4545_bdaf2e-6a > .kt-inside-inner-col{column-gap:var(--global-kb-gap-sm, 1rem);}.kadence-column4545_bdaf2e-6a > .kt-inside-inner-col{flex-direction:column;}.kadence-column4545_bdaf2e-6a > .kt-inside-inner-col > .aligncenter{width:100%;}.kadence-column4545_bdaf2e-6a > .kt-inside-inner-col:before{opacity:0.3;}.kadence-column4545_bdaf2e-6a{position:relative;}@media all and (max-width: 1024px){.kadence-column4545_bdaf2e-6a > .kt-inside-inner-col{flex-direction:column;justify-content:center;}}@media all and (max-width: 767px){.kadence-column4545_bdaf2e-6a > .kt-inside-inner-col{flex-direction:column;justify-content:center;}}<\/style>\n<div class=\"wp-block-kadence-column kadence-column4545_bdaf2e-6a\"><div class=\"kt-inside-inner-col\"><style>.wp-block-kadence-advancedheading.kt-adv-heading4545_eeb43a-14, .wp-block-kadence-advancedheading.kt-adv-heading4545_eeb43a-14[data-kb-block=\"kb-adv-heading4545_eeb43a-14\"]{max-width:970px;margin-right:auto;margin-left:auto;padding-top:0px;margin-top:var(--global-kb-spacing-xs, 1rem);text-align:center;font-size:66px;line-height:66px;font-style:normal;letter-spacing:-1.4px;}.wp-block-kadence-advancedheading.kt-adv-heading4545_eeb43a-14 mark.kt-highlight, .wp-block-kadence-advancedheading.kt-adv-heading4545_eeb43a-14[data-kb-block=\"kb-adv-heading4545_eeb43a-14\"] mark.kt-highlight{font-style:normal;color:#f76a0c;-webkit-box-decoration-break:clone;box-decoration-break:clone;padding-top:0px;padding-right:0px;padding-bottom:0px;padding-left:0px;}.wp-block-kadence-advancedheading.kt-adv-heading4545_eeb43a-14 img.kb-inline-image, .wp-block-kadence-advancedheading.kt-adv-heading4545_eeb43a-14[data-kb-block=\"kb-adv-heading4545_eeb43a-14\"] img.kb-inline-image{width:150px;vertical-align:baseline;}@media all and (max-width: 767px){.wp-block-kadence-advancedheading.kt-adv-heading4545_eeb43a-14, .wp-block-kadence-advancedheading.kt-adv-heading4545_eeb43a-14[data-kb-block=\"kb-adv-heading4545_eeb43a-14\"]{padding-right:0px;padding-left:0px;font-size:30px;line-height:35px;}}<\/style>\n<h2 class=\"kt-adv-heading4545_eeb43a-14 wp-block-kadence-advancedheading\" data-kb-block=\"kb-adv-heading4545_eeb43a-14\">Datenschutz<\/h2>\n\n\n<style>.wp-block-kadence-advancedheading.kt-adv-heading4545_fe084b-be, .wp-block-kadence-advancedheading.kt-adv-heading4545_fe084b-be[data-kb-block=\"kb-adv-heading4545_fe084b-be\"]{padding-right:var(--global-kb-spacing-5xl, 10rem);padding-left:var(--global-kb-spacing-5xl, 10rem);text-align:center;font-size:25px;line-height:30px;font-weight:400;font-style:italic;font-family:ivyora-display;letter-spacing:1px;}.wp-block-kadence-advancedheading.kt-adv-heading4545_fe084b-be mark.kt-highlight, .wp-block-kadence-advancedheading.kt-adv-heading4545_fe084b-be[data-kb-block=\"kb-adv-heading4545_fe084b-be\"] mark.kt-highlight{font-style:normal;color:#f76a0c;-webkit-box-decoration-break:clone;box-decoration-break:clone;padding-top:0px;padding-right:0px;padding-bottom:0px;padding-left:0px;}.wp-block-kadence-advancedheading.kt-adv-heading4545_fe084b-be img.kb-inline-image, .wp-block-kadence-advancedheading.kt-adv-heading4545_fe084b-be[data-kb-block=\"kb-adv-heading4545_fe084b-be\"] img.kb-inline-image{width:150px;vertical-align:baseline;}@media all and (max-width: 767px){.wp-block-kadence-advancedheading.kt-adv-heading4545_fe084b-be, .wp-block-kadence-advancedheading.kt-adv-heading4545_fe084b-be[data-kb-block=\"kb-adv-heading4545_fe084b-be\"]{padding-right:var(--global-kb-spacing-xs, 1rem);padding-left:var(--global-kb-spacing-xs, 1rem);}}<\/style>\n<p class=\"kt-adv-heading4545_fe084b-be wp-block-kadence-advancedheading\" data-kb-block=\"kb-adv-heading4545_fe084b-be\">Vielen Dank f\u00fcr Ihr Interesse an unserer Website nike-schroeder.com\/ (nachfolgend \u201eWebsite\u201c). Wir respektieren Ihre Privatsph\u00e4re und nehme den Schutz Ihrer personenbezogenen Daten sehr ernst. Daher erheben und verarbeiten wir Ihre personenbezogenen Daten ausschlie\u00dflich in \u00dcbereinstimmung mit den einschl\u00e4gigen gesetzlichen Bestimmungen. Diese Datenschutzerkl\u00e4rung erl\u00e4utert Ihnen, welche Arten von personenbezogenen Daten auf der Website erhoben werden, wenn Sie diese besuchen, und wie diese Daten verarbeitet werden.<\/p>\n\n\n<style>.wp-block-kadence-spacer.kt-block-spacer-4545_c85e07-e4 .kt-block-spacer{height:90px;}.wp-block-kadence-spacer.kt-block-spacer-4545_c85e07-e4 .kt-divider{border-top-width:1px;height:1px;width:100%;border-top-style:solid;}<\/style>\n<div class=\"wp-block-kadence-spacer aligncenter kt-block-spacer-4545_c85e07-e4\"><div class=\"kt-block-spacer kt-block-spacer-halign-center\"><hr class=\"kt-divider\"\/><\/div><\/div>\n\n\n<style>.kadence-column4545_4dcdb2-f8 > .kt-inside-inner-col,.kadence-column4545_4dcdb2-f8 > .kt-inside-inner-col:before{border-top-left-radius:0px;border-top-right-radius:0px;border-bottom-right-radius:0px;border-bottom-left-radius:0px;}.kadence-column4545_4dcdb2-f8 > .kt-inside-inner-col{column-gap:var(--global-kb-gap-sm, 1rem);}.kadence-column4545_4dcdb2-f8 > .kt-inside-inner-col{flex-direction:column;}.kadence-column4545_4dcdb2-f8 > .kt-inside-inner-col > .aligncenter{width:100%;}.kadence-column4545_4dcdb2-f8 > .kt-inside-inner-col:before{opacity:0.3;}.kadence-column4545_4dcdb2-f8{position:relative;}@media all and (max-width: 1024px){.kadence-column4545_4dcdb2-f8 > .kt-inside-inner-col{flex-direction:column;justify-content:center;}}@media all and (max-width: 767px){.kadence-column4545_4dcdb2-f8 > .kt-inside-inner-col{flex-direction:column;justify-content:center;}}<\/style>\n<div class=\"wp-block-kadence-column kadence-column4545_4dcdb2-f8\"><div class=\"kt-inside-inner-col\">\n<h3 class=\"wp-block-heading\">1. Verantwortlich<\/h3>\n\n\n\n<p>Verantwortlicher im Sinne der EU-Datenschutzgrundverordnung (Art. 4 Nr. 7 DSGVO) ist Nike Schr\u00f6der, nike@nike-schroeder.com, B\u00fcro Nike Schr\u00f6der: Bergstr. 23a, 66571 Eppelborn, Tel: +49 177 422 90 90 (nachfolgend \u201ewir\u201c, \u201eunser\u201c etc.).<\/p>\n\n\n\n<h3 class=\"wp-block-heading\">2. Was sind personenbezogene Daten<\/h3>\n\n\n\n<p>Personenbezogene Daten sind s\u00e4mtliche Informationen, die Ihnen individuell zugeordnet werden k\u00f6nnen. Das sind z.B. Ihr Name, Ihre Anschrift, Ihr Geburtsdatum, Ihre E-Mail-Adresse und Ihre Telefonnummer. Nicht personenbezogene Daten sind dagegen Informationen allgemeiner Art, mit deren Hilfe Ihre Identit\u00e4t nicht festgestellt werden kann. Das sind z.B. die Anzahl der Nutzer der Website.<\/p>\n\n\n\n<h3 class=\"wp-block-heading\">3. Welche Arten von personenbezogenen Daten auf der Website erhoben und verarbeitet werden<\/h3>\n\n\n\n<p>Sie k\u00f6nnen die Website, die in erster Linie informatorischen Charakter hat, grunds\u00e4tzlich besuchen ohne mir Informationen bereitzustellen, die Sie direkt identifizieren.<\/p>\n\n\n\n<h3 class=\"wp-block-heading\">3.1 Webserver-Protokolle<\/h3>\n\n\n\n<p>Wenn Sie die Website besuchen, erfasst der Webserver der Website aus technischer Notwendigkeit automatisch Ihre IP-Adresse, das Datum und die Uhrzeit, zu denen Sie auf der Website sind, die von Ihnen auf der Website besuchten Seiten, die Internetseite, auf der Sie zuvor waren, den von Ihnen verwendeten Browser (z.B. Mozilla Firefox, Google Chrome etc.), das von Ihnen verwendete Betriebssystem (z.B. Windows 10) sowie den Domainnamen und die Adresse Ihres Internet-Providers (z.B. Deutsche Telekom).<br>Eine Auswertung dieser Informationen erfolgt ausschlie\u00dflich auf anonymisierter Basis und dient dazu, Ihnen die angefragten Inhalte korrekt anzuzeigen sowie die Ausgestaltung der Website zu optimieren und zu verbessern.<br>Au\u00dferdem k\u00f6nnen wir die vom Webserver erfassten Informationen im Falle eines Systemmissbrauchs in Zusammenarbeit mit Ihrem Internet-Provider und\/oder Beh\u00f6rden vor Ort verarbeiten, um den Urheber dieses Missbrauchs zu ermitteln. Rechtsgrundlage hierf\u00fcr sind unsere berechtigten Interessen (Art. 6 Abs. 1 Buchst. f DSGVO), die darin bestehen, die Integrit\u00e4t der Website, unseres Systems und unserer Nutzer zu sch\u00fctzen.<\/p>\n\n\n\n<h3 class=\"wp-block-heading\">3.2 Personenbezogene Daten, die Sie uns freiwillig zur Verf\u00fcgung gestellt haben<\/h3>\n\n\n\n<p>Ferner erheben wir personenbezogene Daten von Ihnen nur dann, wenn Sie uns diese freiwillig zur Verf\u00fcgung gestellt haben. So erheben wir Ihre E-Mail-Adresse und ggf. sonstige von Ihnen zur Verf\u00fcgung gestellte Informationen im Rahmen Ihrer Anfrage per E-Mail oder Ihren Namen, Ihre E-Mail und ggf. sonstige von Ihnen zur Verf\u00fcgung gestellte Informationen im Rahmen Ihrer Anfrage \u00fcber unser Kontaktformular. Wir verarbeiten diese personenbezogenen Daten, um Ihre Anfrage zu beantworten und abzuwickeln.<\/p>\n\n\n\n<p>Rechtsgrundlage hierf\u00fcr ist die Erf\u00fcllung vorvertraglicher Ma\u00dfnahmen auf Ihre Anfrage hin (Art. 6 Abs. 1 Buchst. b DSGVO).<\/p>\n\n\n\n<h3 class=\"wp-block-heading\">3.3 Daten\u00fcbertragung<\/h3>\n\n\n\n<p>Wir ergreifen angemessene Ma\u00dfnahmen, um Ihre personenbezogenen Daten zu sichern. Jegliche Daten\u00fcbertragung auf der Website und im Rahmen der dort bereitgestellten Dienste findet unter Verwendung von Verschl\u00fcsselungsverfahren \u00fcber HTTPS statt, die dem aktuellen Stand der Technik entsprechen.<\/p>\n\n\n\n<p>Wir weisen allerdings darauf hin, dass die Daten\u00fcbertragung im Internet (z.B. bei der Kommunikation per E-Mail) Sicherheitsl\u00fccken aufweisen kann. Ein l\u00fcckenloser Schutz der Daten vor dem Zugriff durch Dritte ist leider nicht m\u00f6glich.<\/p>\n\n\n\n<h3 class=\"wp-block-heading\">4. Weitergabe von personenbezogenen Daten<\/h3>\n\n\n\n<p>Wir geben Ihre personenbezogenen Daten nicht an Dritte weiter, es sei denn dies ist f\u00fcr die Erf\u00fcllung Ihrer Anfrage erforderlich, sonst aufgrund einschl\u00e4giger gesetzlicher Bestimmungen zul\u00e4ssig oder Sie haben uns Ihre Einwilligung erteilt.<br>Wir sind weiterhin berechtigt, die Verarbeitung personenbezogener Daten im Rahmen der datenschutzrechtlichen Vorgaben ganz oder teilweise an externe Dienstleister auszulagern, die f\u00fcr uns als Auftragsverarbeiter (Art. 4 Nr. 8 DSGVO) t\u00e4tig sind. Wenn diese Dienstleister Ihren Sitz au\u00dferhalb der Europ\u00e4ischen Union oder dem Vertragsabkommen \u00fcber den Europ\u00e4ischen Wirtschaftsraum (EWR) haben, werden wir angemessene Sicherheitsma\u00dfnahmen nach Ma\u00dfgabe der gesetzlichen und aufsichtsbeh\u00f6rdlichen Vorgaben ergreifen, um die Sicherheit Ihrer personenbezogenen Daten zu gew\u00e4hrleisten.<\/p>\n\n\n\n<h3 class=\"wp-block-heading\">5. Nutzung des Kontaktformulars<\/h3>\n\n\n\n<h3 class=\"wp-block-heading\">5.1 Betroffene Daten, Zweck der Verarbeitung und Rechtsgrundlage<\/h3>\n\n\n\n<p>Auf dieser Website ist ein Kontaktformular enthalten, welches f\u00fcr die elektronische Kontaktaufnahme genutzt werden kann. Nimmt ein Nutzer diese M\u00f6glichkeit wahr, werden die in der Eingabemaske eingegebenen Daten an uns verschl\u00fcsselt \u00fcbermittelt und gespeichert. Diese Daten sind:<\/p>\n\n\n\n<ul class=\"wp-block-list\">\n<li>Name<\/li>\n\n\n\n<li>E-Mail-Adresse<\/li>\n\n\n\n<li>Nachricht<\/li>\n<\/ul>\n\n\n\n<p>Die Verarbeitung der personenbezogenen Daten des \u00fcbermittelten Kontaktformulars dient allein zur Bearbeitung der Kontaktaufnahme und zur Beantwortung der Anfrage. Die Rechtsgrundlage ist hier berechtigtes Interesse nach Art 6 Abs. 1 f DSGVO. Nehmen Sie mit uns Kontakt auf, um ein Angebot anzufordern, erfolgt die Verarbeitung der personenbezogenen Daten zur Durchf\u00fchrung vorvertraglicher Ma\u00dfnahmen nach Art. 6 Abs. 1 b DSGVO.<\/p>\n\n\n\n<h3 class=\"wp-block-heading\">5.2 Dauer der Speicherung<\/h3>\n\n\n\n<p>Die Daten werden gel\u00f6scht, sobald sie f\u00fcr die Erreichung des Zwecks Ihrer Erhebung nicht mehr erforderlich sind. Dies ist der Fall, sobald die Konversation mit dem Nutzer beendet wurde bzw. die Anfrage abgeschlossen ist.&nbsp;Kommt es aufgrund Ihrer Anfrage zu einem Vertragsverh\u00e4ltnis, unterliegt die Anfrage den gesetzlichen Aufbewahrungsfristen.<\/p>\n\n\n\n<h3 class=\"wp-block-heading\">5.3 Widerspruchsrecht<\/h3>\n\n\n\n<p>Der Nutzer hat jederzeit die M\u00f6glichkeit, seine Einwilligung zur Verarbeitung der personenbezogenen Daten zu widerrufen. Alle personenbezogenen Daten, die im Zuge der Kontaktaufnahme gespeichert wurden, werden in diesem Fall gel\u00f6scht. Dazu gen\u00fcgt eine formlose Nachricht per Mail an&nbsp;<a href=\"mailto:nike@nike-schroeder.com\">nike@nike-schroeder.com<\/a><\/p>\n\n\n\n<h3 class=\"wp-block-heading\">6. Hosting\u200b<\/h3>\n\n\n\n<p>Wir hosten unsere Website bei Hetzner. Anbieter ist die Hetzner Online GmbH, Industriestr. 25, 91710 Gunzenhausen (nachfolgend: Hetzner). Details entnehmen Sie der Datenschutzerkl\u00e4rung von Hetzner:&nbsp;<a href=\"https:\/\/www.hetzner.com\/de\/rechtliches\/datenschutz\" target=\"_blank\" rel=\"noreferrer noopener\">www.hetzner.com\/de\/rechtliches\/datenschutz<\/a>. Die Verwendung von Hetzner erfolgt auf Grundlage von Art. 6 Abs. 1 lit. f DSGVO. Wir haben ein berechtigtes Interesse an einer m\u00f6glichst zuverl\u00e4ssigen Darstellung unserer Website. Sofern eine entsprechende Einwilligung abgefragt wurde, erfolgt die Verarbeitung ausschlie\u00dflich auf Grundlage von Art. 6 Abs. 1 lit. a DSGVO; die Einwilligung ist jederzeit widerrufbar.&nbsp;<strong>Auftragsverarbeitung<\/strong>&nbsp;Wir haben einen Vertrag \u00fcber Auftragsverarbeitung (AVV) mit dem oben genannten Anbieter geschlossen. Hierbei handelt es sich um einen datenschutzrechtlich vorgeschriebenen Vertrag, der gew\u00e4hrleistet, dass dieser die personenbezogenen Daten unserer Websitebesucher nur nach unseren Weisungen und unter Einhaltung der DSGVO verarbeitet.<\/p>\n\n\n\n<h3 class=\"wp-block-heading\">7. Speicherdauer<\/h3>\n\n\n\n<p>Ihre personenbezogenen Daten werden von uns nur solange gespeichert, wie es f\u00fcr die Erreichung der Zwecke, f\u00fcr die sie erhoben wurden, erforderlich ist oder \u2013 soweit dar\u00fcber hinaus gehende gesetzliche Aufbewahrungsfristen bestehen \u2013 f\u00fcr die Dauer der gesetzlich vorgegebenen Aufbewahrung. Im Anschluss werden Ihre personenbezogenen Daten gel\u00f6scht.<\/p>\n\n\n\n<h3 class=\"wp-block-heading\">8. Cookies<\/h3>\n\n\n\n<h3 class=\"wp-block-heading\">8.1 L\u00f6schen von Cookies<\/h3>\n\n\n\n<p>Wir m\u00f6chten Ihnen eine optimale, angenehme und bedeutungsvolle Benutzungserfahrung bereitstellen. Aus diesem Grund nutzen wir Cookies auf der Website. Cookies sind Textinformationsdateien, die vom Webserver der Website an Ihren Computer gesendet und dort abgelegt werden, wenn Sie die Website besuchen. Die meisten Browser akzeptieren Cookies automatisch, k\u00f6nnen aber \u00fcber die Einstellungsfunktion des Browsers so konfiguriert werden, dass sie diese nicht akzeptieren oder darauf hinweisen, wenn ein Cookie gesendet wird. Cookies k\u00f6nnen abgelehnt oder zu einem sp\u00e4teren Zeitpunkt gel\u00f6scht werden. Eine Anleitung zur L\u00f6schung von Cookies in den g\u00e4ngigsten Browsern finden Sie unter den nachfolgend aufgef\u00fchrten Links:<\/p>\n\n\n\n<ul class=\"wp-block-list\">\n<li><a href=\"https:\/\/support.microsoft.com\/de-de\/windows\/l%C3%B6schen-und-verwalten-von-cookies-168dab11-0753-043d-7c16-ede5947fc64d\" target=\"_blank\" rel=\"noreferrer noopener\">Microsoft Internet Explorer<\/a><\/li>\n\n\n\n<li><a href=\"https:\/\/support.mozilla.org\/de\/kb\/cookies-und-website-daten-in-firefox-loschen?redirectlocale=de&amp;redirectslug=cookies-loeschen-daten-von-websites-entfernen\" target=\"_blank\" rel=\"noreferrer noopener\">Mozilla Firefox<\/a><\/li>\n\n\n\n<li><a href=\"https:\/\/support.google.com\/chrome\/answer\/95647?hl=de\" target=\"_blank\" rel=\"noreferrer noopener\">Google Chrome<\/a><\/li>\n\n\n\n<li><a href=\"https:\/\/support.apple.com\/de-de\/guide\/safari\/sfri11471\/mac\" target=\"_blank\" rel=\"noreferrer noopener\">Apple Safari<\/a><\/li>\n\n\n\n<li><a href=\"https:\/\/help.opera.com\/de\/latest\/web-preferences\/#cookies\" target=\"_blank\" rel=\"noreferrer noopener\">Opera<\/a><\/li>\n<\/ul>\n\n\n\n<h3 class=\"wp-block-heading\">8.2 Technisch erforderliche Session Cookies<\/h3>\n\n\n\n<p>Auf der Website werden sog. Session Cookies eingesetzt, um Ihnen eine optimale Benutzungserfahrung auf der Website bereitzustellen. Diese Session Cookies gew\u00e4hrleisten, dass Ihr Besuch der Website Ihnen auch \u00fcber mehrere Browser-Tabs hinweg zugeordnet werden kann. Sp\u00e4testens beim Schlie\u00dfen des Browsers wird dieser Session Cookie wieder gel\u00f6scht. Rechtsgrundlage hierf\u00fcr ist unser berechtigtes Interesse (Art. 6 Abs. 1 Buchst. f DSGVO), das darin bestehen Ihnen eine benutzerfreundliche Website bereitzustellen, die Ihren Erwartungen und Bed\u00fcrfnissen entspricht.<\/p>\n\n\n\n<h3 class=\"wp-block-heading\">9. Ihre Datenschutzrechtlichen Rechte<\/h3>\n\n\n\n<p>Sie haben ggf. das Recht aus besonderen Gr\u00fcnden, die sich aus Ihrer besonderen Situation ergeben, Widerspruch gegen die Verarbeitung Ihrer personenbezogenen Daten einzulegen.<\/p>\n\n\n\n<p>Ferner stehen Ihnen nach Ma\u00dfgabe des geltenden Datenschutzrechts insbesondere die folgenden Rechte zu. Bitte wenden Sie sich hierzu an die unter Ziffer 1 oben angegebenen Kontaktdaten.<\/p>\n\n\n\n<p>a. Recht auf Auskunft: Sie haben das Recht, jederzeit Auskunft \u00fcber Ihre bei uns gespeicherten personenbezogenen Daten zu verlangen.<\/p>\n\n\n\n<p>b. Recht auf Berichtigung: Wenn wir Ihre personenbezogenen Daten verarbeiten, bem\u00fche ich mich durch angemessene Ma\u00dfnahmen sicherzustellen, dass Ihre personenbezogenen Daten f\u00fcr die Zwecke, f\u00fcr die sie erfasst wurden, richtig und aktuell sind. F\u00fcr den Fall, dass Ihre personenbezogenen Daten unrichtig oder unvollst\u00e4ndig sind, k\u00f6nnen Sie die Berichtigung dieser Daten verlangen.<\/p>\n\n\n\n<p>c. Recht auf L\u00f6schung und Einschr\u00e4nkung: Sie haben ggf. das Recht, die L\u00f6schung bzw. Einschr\u00e4nkung der Verarbeitung ihrer personenbezogenen Daten zu verlangen, wenn z.B. f\u00fcr eine solche Verarbeitung gem\u00e4\u00df dieser Datenschutzerkl\u00e4rung oder geltendem Recht kein legitimer Gesch\u00e4ftszweck mehr besteht und gesetzliche Aufbewahrungspflichten einer weiteren Speicherung nicht entgegenstehen.<\/p>\n\n\n\n<p>d. Recht auf Daten\u00fcbertragbarkeit: Sie haben ggf. das Recht, die sie betreffenden personenbezogenen Daten, die Sie uns bereitgestellt haben, in einem strukturierten, g\u00e4ngigen und maschinenlesbaren Format zu erhalten oder diese Daten einem anderen Verantwortlichen zu \u00fcbermitteln.<\/p>\n\n\n\n<p>e. F\u00fcr m\u00f6gliche Beschwerden zust\u00e4ndige Aufsichtsbeh\u00f6rde: Ferner k\u00f6nnen Sie im Falle einer Beschwerde das Bayerische Landesamt f\u00fcr Datenschutzaufsicht, Postfach 606, 91522 Ansbach, Telefon +49.981.53-1300, Fax +49.981.5398-1300, E-Mail poststelle@lda-bayern.de als die f\u00fcr uns zust\u00e4ndige Aufsichtsbeh\u00f6rde kontaktieren. Eine Liste von weiteren in Betracht kommenden Aufsichtsbeh\u00f6rden finden Sie unter https:\/\/www.bfdi.bund.de\/DE\/Infothek\/Anschriften_Links\/anschriften_links-node.html.<\/p>\n\n\n\n<p>Sie haben ggf. das Recht aus besonderen Gr\u00fcnden, die sich aus Ihrer besonderen Situation ergeben, Widerspruch gegen die Verarbeitung Ihrer personenbezogenen Daten einzulegen.<\/p>\n\n\n\n<p>Ferner stehen Ihnen nach Ma\u00dfgabe des geltenden Datenschutzrechts insbesondere die folgenden Rechte zu. Bitte wenden Sie sich hierzu an die unter Ziffer 1 oben angegebenen Kontaktdaten.<\/p>\n\n\n\n<h3 class=\"wp-block-heading\">10. Links auf andere Internetseiten<\/h3>\n\n\n\n<p>Die Website enth\u00e4lt ggf. auch Links zu anderen Internetseiten. Die gegenst\u00e4ndliche Datenschutzerkl\u00e4rung gilt nicht f\u00fcr diese anderen Internetseiten. Wir bitten Sie, diese anderen Internetseiten direkt zu besuchen, um dort Informationen \u00fcber den Datenschutz und den Umgang mit Ihren personenbezogenen Daten zu erhalten. Wir k\u00f6nnen f\u00fcr von diesen anderen Internetseiten ausgehende Ma\u00dfnahmen oder f\u00fcr deren Inhalt nicht haftbar gemacht werden.<\/p>\n\n\n\n<h3 class=\"wp-block-heading\">11. \u00c4nderungsvorbehalt<\/h3>\n\n\n\n<p>Wir behalten uns das Recht vor, diese Datenschutzerkl\u00e4rung jederzeit unter Beachtung der rechtlichen Vorgaben zu \u00e4ndern. Dies kann z.B. bei der Einhaltung neuer Gesetzesbestimmungen oder im Falle neuer Dienstleistungen erforderlich sein.<\/p>\n<\/div><\/div>\n<\/div><\/div>\n\n<\/div><\/div>","protected":false},"excerpt":{"rendered":"<p>Datenschutz Vielen Dank f\u00fcr Ihr Interesse an unserer Website nike-schroeder.com\/ (nachfolgend \u201eWebsite\u201c). Wir respektieren Ihre Privatsph\u00e4re und nehme den Schutz Ihrer personenbezogenen Daten sehr ernst. Daher erheben und verarbeiten wir Ihre personenbezogenen Daten ausschlie\u00dflich in \u00dcbereinstimmung mit den einschl\u00e4gigen gesetzlichen Bestimmungen. Diese Datenschutzerkl\u00e4rung erl\u00e4utert Ihnen, welche Arten von personenbezogenen Daten auf der Website erhoben werden,&#8230;<\/p>","protected":false},"author":1,"featured_media":0,"parent":0,"menu_order":0,"comment_status":"closed","ping_status":"closed","template":"","meta":{"_acf_changed":false,"_kad_blocks_custom_css":"","_kad_blocks_head_custom_js":"","_kad_blocks_body_custom_js":"","_kad_blocks_footer_custom_js":"","_kad_post_transparent":"","_kad_post_title":"hide","_kad_post_layout":"fullwidth","_kad_post_sidebar_id":"","_kad_post_content_style":"unboxed","_kad_post_vertical_padding":"hide","_kad_post_feature":"hide","_kad_post_feature_position":"","_kad_post_header":false,"_kad_post_footer":false,"_kad_post_classname":"","footnotes":""},"class_list":["post-4545","page","type-page","status-publish","hentry"],"acf":[],"taxonomy_info":[],"featured_image_src_large":false,"author_info":{"display_name":"netogulga","author_link":"https:\/\/playcap.com\/en\/author\/netogulga\/"},"comment_info":0,"_links":{"self":[{"href":"https:\/\/playcap.com\/en\/wp-json\/wp\/v2\/pages\/4545","targetHints":{"allow":["GET"]}}],"collection":[{"href":"https:\/\/playcap.com\/en\/wp-json\/wp\/v2\/pages"}],"about":[{"href":"https:\/\/playcap.com\/en\/wp-json\/wp\/v2\/types\/page"}],"author":[{"embeddable":true,"href":"https:\/\/playcap.com\/en\/wp-json\/wp\/v2\/users\/1"}],"replies":[{"embeddable":true,"href":"https:\/\/playcap.com\/en\/wp-json\/wp\/v2\/comments?post=4545"}],"version-history":[{"count":1,"href":"https:\/\/playcap.com\/en\/wp-json\/wp\/v2\/pages\/4545\/revisions"}],"predecessor-version":[{"id":4948,"href":"https:\/\/playcap.com\/en\/wp-json\/wp\/v2\/pages\/4545\/revisions\/4948"}],"wp:attachment":[{"href":"https:\/\/playcap.com\/en\/wp-json\/wp\/v2\/media?parent=4545"}],"curies":[{"name":"wp","href":"https:\/\/api.w.org\/{rel}","templated":true}]}}